{"id":2,"date":"2017-09-20T08:18:25","date_gmt":"2017-09-20T08:18:25","guid":{"rendered":"http:\/\/www.crossports.com.ar\/duatlon2023\/\/?page_id=2"},"modified":"2026-03-14T11:27:03","modified_gmt":"2026-03-14T14:27:03","slug":"home-1","status":"publish","type":"page","link":"https:\/\/www.crossports.com.ar\/duatlon2026\/","title":{"rendered":"Duatl\u00f3n Buenos Aires 2026"},"content":{"rendered":"<p>[vc_row full_width=&#8221;stretch_row_content_no_spaces&#8221;][vc_column][vc_column_text][rev_slider_vc alias=&#8221;slider-1&#8243;][\/vc_column_text][\/vc_column][\/vc_row][vc_row][vc_column]<div class=\"sc_layouts sc_layouts_default sc_layouts_1711\">[vc_row full_width=\"stretch_row\" gap=\"20\" content_placement=\"middle\" hide_bg_image_on_tablet=\"\" hide_bg_image_on_mobile=\"\" row_type=\"normal\" row_delimiter=\"\" hide_on_desktop=\"\" hide_on_notebook=\"\" hide_on_tablet=\"\" hide_on_mobile=\"\" hide_on_frontpage=\"\" css=\".vc_custom_1741038720933{padding-top: 40px !important;padding-bottom: 25px !important;background-color: #ff6b00 !important;}\" el_class=\"calltoaction\"][vc_column width=\"1\/3\" icons_position=\"left\"][\/vc_column][vc_column width=\"1\/3\" icons_position=\"left\"][vc_btn title=\"QUIERO INSCRIBIRME\" style=\"flat\" shape=\"square\" color=\"black\" size=\"lg\" align=\"center\" button_block=\"true\" link=\"url:https%3A%2F%2Feventick.com.ar%2Fevento%2F420||target:%20_blank|\"][\/vc_column][vc_column width=\"1\/3\" icons_position=\"left\"][\/vc_column][\/vc_row]<\/div>[\/vc_column][\/vc_row][vc_row][vc_column]<div class=\"sc_layouts sc_layouts_default sc_layouts_559\">[vc_row full_width=\"stretch_row\" scheme=\"dark\" hide_bg_image_on_tablet=\"\" hide_bg_image_on_mobile=\"\" row_delimiter=\"\" hide_on_desktop=\"\" hide_on_notebook=\"\" hide_on_tablet=\"\" hide_on_mobile=\"\" hide_on_frontpage=\"\" css=\".vc_custom_1553959318663{background-color: #000000 !important;}\"][vc_column icons_position=\"left\"][vc_empty_space alter_height=\"huge\" hide_on_desktop=\"\" hide_on_notebook=\"\" hide_on_tablet=\"\" hide_on_mobile=\"\" css=\".vc_custom_1514215744021{margin-top: -1rem !important;}\"]<div id=\"sc_services_1548520652\" class=\"sc_services color_style_default scheme_dark sc_services_hover sc_services_featured_top sc_services_popup sc_post_details_popup\"><h6 class=\"sc_item_subtitle sc_services_subtitle sc_align_center sc_item_title_style_default\">DUA 2026<\/h6><h3 class=\"sc_item_title sc_services_title sc_align_center sc_item_title_style_default\">Resumen t\u00e9cnico<\/h3><div class=\"sc_services_columns_wrap sc_item_columns sc_item_columns_3 trx_addons_columns_wrap columns_padding_bottom no_margin\"><div class=\"trx_addons_column-1_3 \"><div class=\"sc_services_item with_content with_icon\" data-post_id=\"244\" data-post_type=\"cpt_services\">\n\t<div class=\"sc_services_item_header \">\n\t\t<div class=\"sc_services_item_header_inner\">\n\t\t\t<a href=\"https:\/\/www.crossports.com.ar\/duatlon2026\/services\/world-bases-travel\/\"\n\t\t\t\t\t\t id=\"sc_services_1548520652_icon-flag_1\"\n\t\t\t\t\t\t class=\"sc_services_item_icon icon-flag\"><\/a>\t\t\t<h6 class=\"sc_services_item_title\"><a href=\"https:\/\/www.crossports.com.ar\/duatlon2026\/services\/world-bases-travel\/\">Distancia 3.20<\/a><\/h6>\n\t\t\t<div class=\"sc_services_item_subtitle\"><a href=\"https:\/\/www.crossports.com.ar\/duatlon2026\/services_group\/benefits\/\" title=\"View all posts in Benefits\">Benefits<\/a><\/div>\n\t\t<\/div>\n\t\n\t<\/div>\n\t\t\t<div class=\"sc_services_item_content\">\n\t\t\t<div class=\"sc_services_item_content_inner\">\n\t\t\t\t<h6 class=\"sc_services_item_title\"><a href=\"https:\/\/www.crossports.com.ar\/duatlon2026\/services\/world-bases-travel\/\">Distancia 3.20<\/a><\/h6>\n\t\t\t\t<div class=\"sc_services_item_subtitle\"><a href=\"https:\/\/www.crossports.com.ar\/duatlon2026\/services_group\/benefits\/\" title=\"View all posts in Benefits\">Benefits<\/a><\/div>\n\t\t\t\t<div class=\"sc_services_item_text\"><p>Duatl\u00f3n sin drafting: 3 km pedestrismo, 20 km ciclismo, 3 km pedestrismo<\/p>\n<\/div>\n\t\t\t<\/div>\n\t\t\n\t\t<\/div>\n\t<\/div>\n<\/div><div class=\"trx_addons_column-1_3 \"><div class=\"sc_services_item with_content with_icon\" data-post_id=\"245\" data-post_type=\"cpt_services\">\n\t<div class=\"sc_services_item_header \">\n\t\t<div class=\"sc_services_item_header_inner\">\n\t\t\t<a href=\"https:\/\/www.crossports.com.ar\/duatlon2026\/services\/discounts-perks\/\"\n\t\t\t\t\t\t id=\"sc_services_1548520652_icon-flag_2\"\n\t\t\t\t\t\t class=\"sc_services_item_icon icon-flag\"><\/a>\t\t\t<h6 class=\"sc_services_item_title\"><a href=\"https:\/\/www.crossports.com.ar\/duatlon2026\/services\/discounts-perks\/\">Distancia 6.30<\/a><\/h6>\n\t\t\t<div class=\"sc_services_item_subtitle\"><a href=\"https:\/\/www.crossports.com.ar\/duatlon2026\/services_group\/benefits\/\" title=\"View all posts in Benefits\">Benefits<\/a><\/div>\n\t\t<\/div>\n\t\n\t<\/div>\n\t\t\t<div class=\"sc_services_item_content\">\n\t\t\t<div class=\"sc_services_item_content_inner\">\n\t\t\t\t<h6 class=\"sc_services_item_title\"><a href=\"https:\/\/www.crossports.com.ar\/duatlon2026\/services\/discounts-perks\/\">Distancia 6.30<\/a><\/h6>\n\t\t\t\t<div class=\"sc_services_item_subtitle\"><a href=\"https:\/\/www.crossports.com.ar\/duatlon2026\/services_group\/benefits\/\" title=\"View all posts in Benefits\">Benefits<\/a><\/div>\n\t\t\t\t<div class=\"sc_services_item_text\"><p>Duatl\u00f3n sin drafting: 6 km de pedestrismo, 30 km de ciclismo, 3 km de pedestrismo.<\/p>\n<\/div>\n\t\t\t<\/div>\n\t\t\n\t\t<\/div>\n\t<\/div>\n<\/div><div class=\"trx_addons_column-1_3 \"><div class=\"sc_services_item with_content with_icon\" data-post_id=\"1474\" data-post_type=\"cpt_services\">\n\t<div class=\"sc_services_item_header \">\n\t\t<div class=\"sc_services_item_header_inner\">\n\t\t\t<a href=\"https:\/\/www.crossports.com.ar\/duatlon2026\/services\/cupo\/\"\n\t\t\t\t\t\t id=\"sc_services_1548520652_icon-child_3\"\n\t\t\t\t\t\t class=\"sc_services_item_icon icon-child\"><\/a>\t\t\t<h6 class=\"sc_services_item_title\"><a href=\"https:\/\/www.crossports.com.ar\/duatlon2026\/services\/cupo\/\">Cupo Estimado<\/a><\/h6>\n\t\t\t<div class=\"sc_services_item_subtitle\"><a href=\"https:\/\/www.crossports.com.ar\/duatlon2026\/services_group\/benefits\/\" title=\"View all posts in Benefits\">Benefits<\/a><\/div>\n\t\t<\/div>\n\t\n\t<\/div>\n\t\t\t<div class=\"sc_services_item_content\">\n\t\t\t<div class=\"sc_services_item_content_inner\">\n\t\t\t\t<h6 class=\"sc_services_item_title\"><a href=\"https:\/\/www.crossports.com.ar\/duatlon2026\/services\/cupo\/\">Cupo Estimado<\/a><\/h6>\n\t\t\t\t<div class=\"sc_services_item_subtitle\"><a href=\"https:\/\/www.crossports.com.ar\/duatlon2026\/services_group\/benefits\/\" title=\"View all posts in Benefits\">Benefits<\/a><\/div>\n\t\t\t\t<div class=\"sc_services_item_text\"><p>3.20 250 individual<br \/>\n6.30 320 individual + Postas 30 equipos<\/p>\n<\/div>\n\t\t\t<\/div>\n\t\t\n\t\t<\/div>\n\t<\/div>\n<\/div><div class=\"trx_addons_column-1_3 \"><div class=\"sc_services_item with_content with_icon\" data-post_id=\"694\" data-post_type=\"cpt_services\">\n\t<div class=\"sc_services_item_header \">\n\t\t<div class=\"sc_services_item_header_inner\">\n\t\t\t<a href=\"https:\/\/www.crossports.com.ar\/duatlon2026\/services\/premiacion\/\"\n\t\t\t\t\t\t id=\"sc_services_1548520652_icon-trophy_4\"\n\t\t\t\t\t\t class=\"sc_services_item_icon icon-trophy\"><\/a>\t\t\t<h6 class=\"sc_services_item_title\"><a href=\"https:\/\/www.crossports.com.ar\/duatlon2026\/services\/premiacion\/\">Premiaci\u00f3n<\/a><\/h6>\n\t\t\t<div class=\"sc_services_item_subtitle\"><a href=\"https:\/\/www.crossports.com.ar\/duatlon2026\/services_group\/benefits\/\" title=\"View all posts in Benefits\">Benefits<\/a><\/div>\n\t\t<\/div>\n\t\n\t<\/div>\n\t\t\t<div class=\"sc_services_item_content\">\n\t\t\t<div class=\"sc_services_item_content_inner\">\n\t\t\t\t<h6 class=\"sc_services_item_title\"><a href=\"https:\/\/www.crossports.com.ar\/duatlon2026\/services\/premiacion\/\">Premiaci\u00f3n<\/a><\/h6>\n\t\t\t\t<div class=\"sc_services_item_subtitle\"><a href=\"https:\/\/www.crossports.com.ar\/duatlon2026\/services_group\/benefits\/\" title=\"View all posts in Benefits\">Benefits<\/a><\/div>\n\t\t\t\t<div class=\"sc_services_item_text\"><p>MEDALLONES: del 1ro al 5to puesto en General, 6.30, y General 3.20.<br \/>\nMEDALLAS del 1ro al 3\u00aa para categor\u00edas del 6.30 y 3.20.<br \/>\nMEDALLAS de finisher, para todos los que finalicen la prueba.<\/p>\n<\/div>\n\t\t\t<\/div>\n\t\t\n\t\t<\/div>\n\t<\/div>\n<\/div><div class=\"trx_addons_column-1_3 \"><div class=\"sc_services_item with_content with_icon\" data-post_id=\"1583\" data-post_type=\"cpt_services\">\n\t<div class=\"sc_services_item_header \">\n\t\t<div class=\"sc_services_item_header_inner\">\n\t\t\t<a href=\"https:\/\/www.crossports.com.ar\/duatlon2026\/services\/hidratacion-servicio-medico\/\"\n\t\t\t\t\t\t id=\"sc_services_1548520652_icon-ambulance_5\"\n\t\t\t\t\t\t class=\"sc_services_item_icon icon-ambulance\"><\/a>\t\t\t<h6 class=\"sc_services_item_title\"><a href=\"https:\/\/www.crossports.com.ar\/duatlon2026\/services\/hidratacion-servicio-medico\/\">Hidrataci\u00f3n &#038; Servicio m\u00e9dico<\/a><\/h6>\n\t\t\t<div class=\"sc_services_item_subtitle\"><a href=\"https:\/\/www.crossports.com.ar\/duatlon2026\/services_group\/benefits\/\" title=\"View all posts in Benefits\">Benefits<\/a><\/div>\n\t\t<\/div>\n\t\n\t<\/div>\n\t\t\t<div class=\"sc_services_item_content\">\n\t\t\t<div class=\"sc_services_item_content_inner\">\n\t\t\t\t<h6 class=\"sc_services_item_title\"><a href=\"https:\/\/www.crossports.com.ar\/duatlon2026\/services\/hidratacion-servicio-medico\/\">Hidrataci\u00f3n &#038; Servicio m\u00e9dico<\/a><\/h6>\n\t\t\t\t<div class=\"sc_services_item_subtitle\"><a href=\"https:\/\/www.crossports.com.ar\/duatlon2026\/services_group\/benefits\/\" title=\"View all posts in Benefits\">Benefits<\/a><\/div>\n\t\t\t\t<div class=\"sc_services_item_text\"><p>\u2013 El circuito estar\u00e1 abastecido por Agua mineral<br \/>\n\u2013 Contar\u00e1 con un sistema de ambulancia en el recorrido y la zona de llegada.<\/p>\n<\/div>\n\t\t\t<\/div>\n\t\t\n\t\t<\/div>\n\t<\/div>\n<\/div><div class=\"trx_addons_column-1_3 \"><div class=\"sc_services_item with_content with_icon\" data-post_id=\"1735\" data-post_type=\"cpt_services\">\n\t<div class=\"sc_services_item_header \">\n\t\t<div class=\"sc_services_item_header_inner\">\n\t\t\t<a href=\"https:\/\/www.crossports.com.ar\/duatlon2026\/services\/paying-for-college-2\/\"\n\t\t\t\t\t\t id=\"sc_services_1548520652_icon-users-group_6\"\n\t\t\t\t\t\t class=\"sc_services_item_icon icon-users-group\"><\/a>\t\t\t<h6 class=\"sc_services_item_title\"><a href=\"https:\/\/www.crossports.com.ar\/duatlon2026\/services\/paying-for-college-2\/\">Categor\u00edas<\/a><\/h6>\n\t\t\t<div class=\"sc_services_item_subtitle\"><a href=\"https:\/\/www.crossports.com.ar\/duatlon2026\/services_group\/benefits\/\" title=\"View all posts in Benefits\">Benefits<\/a><\/div>\n\t\t<\/div>\n\t\n\t<\/div>\n\t\t\t<div class=\"sc_services_item_content\">\n\t\t\t<div class=\"sc_services_item_content_inner\">\n\t\t\t\t<h6 class=\"sc_services_item_title\"><a href=\"https:\/\/www.crossports.com.ar\/duatlon2026\/services\/paying-for-college-2\/\">Categor\u00edas<\/a><\/h6>\n\t\t\t\t<div class=\"sc_services_item_subtitle\"><a href=\"https:\/\/www.crossports.com.ar\/duatlon2026\/services_group\/benefits\/\" title=\"View all posts in Benefits\">Benefits<\/a><\/div>\n\t\t\t\t<div class=\"sc_services_item_text\"><p>Habr\u00e1 categor\u00edas divididas por edades y sexos, individual y postas.<br \/>\nEdad M\u00ednima: 15 a\u00f1os (Con autorizaci\u00f3n paterna)<\/p>\n<\/div>\n\t\t\t<\/div>\n\t\t\n\t\t<\/div>\n\t<\/div>\n<\/div><\/div><\/div><!-- \/.sc_services -->[vc_empty_space alter_height=\"huge\" hide_on_desktop=\"\" hide_on_notebook=\"\" hide_on_tablet=\"\" hide_on_mobile=\"\" css=\".vc_custom_1514216061104{margin-top: -0.6rem !important;}\"][\/vc_column][\/vc_row]<\/div>[\/vc_column][\/vc_row][vc_row full_width=&#8221;stretch_row&#8221; hide_bg_image_on_tablet=&#8221;&#8221; hide_bg_image_on_mobile=&#8221;&#8221;][vc_column hide_bg_image_on_tablet=&#8221;&#8221; hide_bg_image_on_mobile=&#8221;&#8221; css=&#8221;.vc_custom_1514973727168{margin-top: -5.3rem !important;}&#8221;]<div class=\"sc_layouts sc_layouts_default sc_layouts_577\">[vc_row full_width=\"stretch_row\" gap=\"25\" hide_bg_image_on_tablet=\"\" hide_bg_image_on_mobile=\"\" row_delimiter=\"\" hide_on_desktop=\"\" hide_on_notebook=\"\" hide_on_tablet=\"1\" hide_on_mobile=\"1\" hide_on_frontpage=\"\" css=\".vc_custom_1741038785076{padding-top: 40px !important;padding-bottom: 40px !important;background-color: #ff6b00 !important;}\"][vc_column icons_position=\"left\"][vc_column_text]\r\n<h6 style=\"text-align: center;\">FALTA MUY POCO<\/h6>\r\n<h1 style=\"text-align: center; margin-top: 0;\">Domingo 17 de Mayo de 2026\r\n8:30 hs<\/h1>\r\n          <div class=\"widget shailan_CountdownWidget\">          \n        <div id=\"shailan-countdown--1_1\" class=\"shailan-countdown--1 countdown\"  style=\" margin:0px auto; \"><\/div>\n\n        <div  style=\" margin:0px auto; \"><small><a href=\"https:\/\/wpassist.me\/plugins\/countdown-widget\/\" title=\"WordPress Countdown Plugin\" class=\"countdown_infolink\" target=\"_blank\" rel=\"noopener\">i<\/a><\/small><\/div>\n<script>\n(function($){\n  $(document).ready(function($) {\n    var event_month = 5 - 1; \n    $('#shailan-countdown--1_1').countdown({\n      until: new Date(2026, event_month, 17, 08, 30, 0, 0),\n      description: '',\n      format: 'dHMS'    }); \n  }); \n})(jQuery);\n<\/script>\n          <\/div>      [\/vc_column_text][\/vc_column][\/vc_row]<\/div>[\/vc_column][\/vc_row][vc_row][vc_column hide_bg_image_on_tablet=&#8221;&#8221; hide_bg_image_on_mobile=&#8221;&#8221;]<div class=\"sc_layouts sc_layouts_default sc_layouts_1659\">[vc_row full_width=\"stretch_row\" hide_bg_image_on_tablet=\"\" hide_bg_image_on_mobile=\"\" row_type=\"compact\" row_delimiter=\"\" hide_on_desktop=\"\" hide_on_notebook=\"\" hide_on_tablet=\"\" hide_on_mobile=\"\" hide_on_frontpage=\"\" css=\".vc_custom_1650312416067{background-color: #ffffff !important;}\"][vc_column icons_position=\"left\"][vc_row_inner equal_height=\"yes\" content_placement=\"middle\" hide_bg_image_on_tablet=\"\" hide_bg_image_on_mobile=\"\" row_type=\"compact\" row_delimiter=\"\"][vc_column_inner width=\"1\/6\" icons_position=\"left\"]<a href=\"https:\/\/www.crossports.com.ar\/duatlon2026\/\" id=\"sc_layouts_logo_2056557849\" class=\"sc_layouts_logo sc_layouts_logo_default\"><img loading=\"lazy\" decoding=\"async\" class=\"logo_image\" src=\"https:\/\/www.crossports.com.ar\/duatlon2026\/wp-content\/uploads\/2022\/04\/logs-dua-2026-04-1.jpg\" alt=\"\" width=\"1458\" height=\"888\"><\/a><!-- \/.sc_layouts_logo -->[\/vc_column_inner][vc_column_inner width=\"1\/6\" icons_position=\"left\"]<a href=\"https:\/\/www.crossports.com.ar\/duatlon2026\/\" id=\"sc_layouts_logo_550596566\" class=\"sc_layouts_logo sc_layouts_logo_default\"><img loading=\"lazy\" decoding=\"async\" class=\"logo_image\" src=\"https:\/\/www.crossports.com.ar\/duatlon2026\/wp-content\/uploads\/2022\/04\/logs-dua-2026-06.jpg\" alt=\"\" width=\"1458\" height=\"888\"><\/a><!-- \/.sc_layouts_logo -->[\/vc_column_inner][vc_column_inner width=\"1\/6\" icons_position=\"left\"]<a href=\"https:\/\/www.crossports.com.ar\/duatlon2026\/\" id=\"sc_layouts_logo_428352541\" class=\"sc_layouts_logo sc_layouts_logo_default\"><img loading=\"lazy\" decoding=\"async\" class=\"logo_image\" src=\"https:\/\/www.crossports.com.ar\/duatlon2026\/wp-content\/uploads\/2017\/12\/centro-rossi.jpg\" alt=\"\" width=\"350\" height=\"213\"><\/a><!-- \/.sc_layouts_logo -->[\/vc_column_inner][vc_column_inner width=\"1\/6\" icons_position=\"left\"]<a href=\"https:\/\/www.crossports.com.ar\/duatlon2026\/\" id=\"sc_layouts_logo_650704998\" class=\"sc_layouts_logo sc_layouts_logo_default\"><img loading=\"lazy\" decoding=\"async\" class=\"logo_image\" src=\"https:\/\/www.crossports.com.ar\/duatlon2026\/wp-content\/uploads\/2022\/04\/logs-dua-2026-01.jpg\" alt=\"\" width=\"1458\" height=\"888\"><\/a><!-- \/.sc_layouts_logo -->[\/vc_column_inner][vc_column_inner width=\"1\/6\" icons_position=\"left\"]<a href=\"https:\/\/www.crossports.com.ar\/duatlon2026\/\" id=\"sc_layouts_logo_1490175280\" class=\"sc_layouts_logo sc_layouts_logo_default\"><img loading=\"lazy\" decoding=\"async\" class=\"logo_image\" src=\"https:\/\/www.crossports.com.ar\/duatlon2026\/wp-content\/uploads\/2022\/04\/ACF-2022.jpg\" alt=\"\" width=\"350\" height=\"213\"><\/a><!-- \/.sc_layouts_logo -->[\/vc_column_inner][vc_column_inner width=\"1\/6\" icons_position=\"left\"]<a href=\"https:\/\/www.crossports.com.ar\/duatlon2026\/\" id=\"sc_layouts_logo_399710468\" class=\"sc_layouts_logo sc_layouts_logo_default\"><img loading=\"lazy\" decoding=\"async\" class=\"logo_image\" src=\"https:\/\/www.crossports.com.ar\/duatlon2026\/wp-content\/uploads\/2022\/04\/logs-dua-2026-07.jpg\" alt=\"\" width=\"1458\" height=\"888\"><\/a><!-- \/.sc_layouts_logo -->[\/vc_column_inner][\/vc_row_inner][vc_row_inner row_type=\"compact\" row_delimiter=\"\"][vc_column_inner width=\"1\/6\" icons_position=\"left\"]<a href=\"https:\/\/www.crossports.com.ar\/duatlon2026\/\" id=\"sc_layouts_logo_444951624\" class=\"sc_layouts_logo sc_layouts_logo_default\"><img loading=\"lazy\" decoding=\"async\" class=\"logo_image\" src=\"https:\/\/www.crossports.com.ar\/duatlon2026\/wp-content\/uploads\/2022\/04\/logs-dua-2026-08-1.png\" alt=\"\" width=\"1459\" height=\"888\"><\/a><!-- \/.sc_layouts_logo -->[\/vc_column_inner][vc_column_inner width=\"1\/6\" icons_position=\"left\"]<a href=\"https:\/\/www.crossports.com.ar\/duatlon2026\/\" id=\"sc_layouts_logo_114965403\" class=\"sc_layouts_logo sc_layouts_logo_default\"><img loading=\"lazy\" decoding=\"async\" class=\"logo_image\" src=\"https:\/\/www.crossports.com.ar\/duatlon2026\/wp-content\/uploads\/2022\/04\/logs-dua-2026-09.png\" alt=\"\" width=\"1459\" height=\"888\"><\/a><!-- \/.sc_layouts_logo -->[\/vc_column_inner][vc_column_inner width=\"1\/6\" icons_position=\"left\"]<a href=\"https:\/\/www.crossports.com.ar\/duatlon2026\/\" id=\"sc_layouts_logo_853064915\" class=\"sc_layouts_logo sc_layouts_logo_default\"><img loading=\"lazy\" decoding=\"async\" class=\"logo_image\" src=\"https:\/\/www.crossports.com.ar\/duatlon2026\/wp-content\/uploads\/2022\/04\/logo-roark.jpg\" alt=\"\" width=\"350\" height=\"213\"><\/a><!-- \/.sc_layouts_logo -->[\/vc_column_inner][vc_column_inner width=\"1\/6\" icons_position=\"left\"]<a href=\"https:\/\/www.crossports.com.ar\/duatlon2026\/\" id=\"sc_layouts_logo_2093222119\" class=\"sc_layouts_logo sc_layouts_logo_default\"><img loading=\"lazy\" decoding=\"async\" class=\"logo_image\" src=\"https:\/\/www.crossports.com.ar\/duatlon2026\/wp-content\/uploads\/2022\/04\/LOGO-AMARU-BIKE-1-1.jpg\" alt=\"\" width=\"350\" height=\"213\"><\/a><!-- \/.sc_layouts_logo -->[\/vc_column_inner][vc_column_inner width=\"1\/6\" icons_position=\"left\"]<a href=\"https:\/\/www.crossports.com.ar\/duatlon2026\/\" id=\"sc_layouts_logo_943374572\" class=\"sc_layouts_logo sc_layouts_logo_default\"><img loading=\"lazy\" decoding=\"async\" class=\"logo_image\" src=\"https:\/\/www.crossports.com.ar\/duatlon2026\/wp-content\/uploads\/2022\/04\/logs-dua-2026-colosia.jpg\" alt=\"\" width=\"1458\" height=\"888\"><\/a><!-- \/.sc_layouts_logo -->[\/vc_column_inner][vc_column_inner width=\"1\/6\" icons_position=\"left\"]<a href=\"https:\/\/www.crossports.com.ar\/duatlon2026\/\" id=\"sc_layouts_logo_455427807\" class=\"sc_layouts_logo sc_layouts_logo_default\"><img loading=\"lazy\" decoding=\"async\" class=\"logo_image\" src=\"https:\/\/www.crossports.com.ar\/duatlon2026\/wp-content\/uploads\/2022\/04\/logs-dua-2026-casa-audio.jpg\" alt=\"\" width=\"1458\" height=\"888\"><\/a><!-- \/.sc_layouts_logo -->[\/vc_column_inner][\/vc_row_inner][\/vc_column][\/vc_row]<\/div>[\/vc_column][\/vc_row][vc_row][vc_column]<div class=\"sc_layouts sc_layouts_default sc_layouts_583\">[vc_row full_width=\"stretch_row\" scheme=\"dark\" hide_bg_image_on_tablet=\"\" hide_bg_image_on_mobile=\"\" row_delimiter=\"\" hide_on_desktop=\"\" hide_on_notebook=\"\" hide_on_tablet=\"\" hide_on_mobile=\"\" hide_on_frontpage=\"\" css=\".vc_custom_1552417672715{background: #000000 url(http:\/\/www.crossports.com.ar\/duatlon2023\/wp-content\/uploads\/2018\/01\/bg-12.png?id=735) !important;background-position: top center !important;background-repeat: no-repeat !important;background-size: cover !important;}\"][vc_column icons_position=\"left\"][vc_empty_space alter_height=\"huge\" hide_on_desktop=\"\" hide_on_notebook=\"\" hide_on_tablet=\"\" hide_on_mobile=\"\"][vc_empty_space alter_height=\"huge\" hide_on_desktop=\"\" hide_on_notebook=\"\" hide_on_tablet=\"\" hide_on_mobile=\"\"][vc_empty_space alter_height=\"huge\" hide_on_desktop=\"\" hide_on_notebook=\"\" hide_on_tablet=\"\" hide_on_mobile=\"\"][vc_column_text]\r\n<h6 class=\"sc_item_subtitle sc_title_subtitle sc_align_center sc_item_title_style_default\" style=\"text-align: center;\">\u00bfCONSULTAS?<\/h6>\r\n<h2 class=\"sc_item_title sc_title_title sc_align_center sc_item_title_style_default\" style=\"text-align: center; color: #ff6b00;\">CONTACTANOS<\/h2>\r\n<p style=\"text-align: center;\">Complet\u00e1 el formulario y un representante de la organizaci\u00f3n se pondr\u00e1 en contacto con vos.<\/p>\r\n[\/vc_column_text][vc_empty_space alter_height=\"medium\" hide_on_desktop=\"\" hide_on_notebook=\"\" hide_on_tablet=\"\" hide_on_mobile=\"\" css=\".vc_custom_1514973882069{margin-bottom: -0.9rem !important;}\"]\n<div class=\"wpcf7 no-js\" id=\"wpcf7-f358-o1\" lang=\"en-US\" dir=\"ltr\" data-wpcf7-id=\"358\">\n<div class=\"screen-reader-response\"><p role=\"status\" aria-live=\"polite\" aria-atomic=\"true\"><\/p> <ul><\/ul><\/div>\n<form action=\"\/duatlon2026\/wp-json\/wp\/v2\/pages\/2#wpcf7-f358-o1\" method=\"post\" class=\"wpcf7-form init\" aria-label=\"Contact form\" novalidate=\"novalidate\" data-status=\"init\">\n<fieldset class=\"hidden-fields-container\"><input type=\"hidden\" name=\"_wpcf7\" value=\"358\" \/><input type=\"hidden\" name=\"_wpcf7_version\" value=\"6.1.5\" \/><input type=\"hidden\" name=\"_wpcf7_locale\" value=\"en_US\" \/><input type=\"hidden\" name=\"_wpcf7_unit_tag\" value=\"wpcf7-f358-o1\" \/><input type=\"hidden\" name=\"_wpcf7_container_post\" value=\"0\" \/><input type=\"hidden\" name=\"_wpcf7_posted_data_hash\" value=\"\" \/><input type=\"hidden\" name=\"_wpcf7_recaptcha_response\" value=\"\" \/>\n<\/fieldset>\n<div class=\"columns_wrap\">\n\t<div class=\"column-1_2\">\n\t\t<p><span class=\"wpcf7-form-control-wrap\" data-name=\"first-name\"><input size=\"40\" maxlength=\"400\" class=\"wpcf7-form-control wpcf7-text wpcf7-validates-as-required\" aria-required=\"true\" aria-invalid=\"false\" placeholder=\"Nombre*\" value=\"\" type=\"text\" name=\"first-name\" \/><\/span>\n\t\t<\/p>\n\t<\/div>\n\t<div class=\"column-1_2\">\n\t\t<p><span class=\"wpcf7-form-control-wrap\" data-name=\"last-name\"><input size=\"40\" maxlength=\"400\" class=\"wpcf7-form-control wpcf7-text wpcf7-validates-as-required\" aria-required=\"true\" aria-invalid=\"false\" placeholder=\"Apellido*\" value=\"\" type=\"text\" name=\"last-name\" \/><\/span>\n\t\t<\/p>\n\t<\/div>\n<\/div>\n<div class=\"columns_wrap\">\n\t<div class=\"column-1_2\">\n\t\t<p><span class=\"wpcf7-form-control-wrap\" data-name=\"tel-344\"><input size=\"40\" maxlength=\"400\" class=\"wpcf7-form-control wpcf7-tel wpcf7-validates-as-required wpcf7-text wpcf7-validates-as-tel\" aria-required=\"true\" aria-invalid=\"false\" placeholder=\"Telef\u00f3no\" value=\"\" type=\"tel\" name=\"tel-344\" \/><\/span>\n\t\t<\/p>\n\t<\/div>\n\t<div class=\"column-1_2\">\n\t\t<p><span class=\"wpcf7-form-control-wrap\" data-name=\"your-email\"><input size=\"40\" maxlength=\"400\" class=\"wpcf7-form-control wpcf7-email wpcf7-validates-as-required wpcf7-text wpcf7-validates-as-email\" aria-required=\"true\" aria-invalid=\"false\" placeholder=\"Email\" value=\"\" type=\"email\" name=\"your-email\" \/><\/span>\n\t\t<\/p>\n\t<\/div>\n<\/div>\n<div class=\"column-1\">\n\t<p><span class=\"wpcf7-form-control-wrap\" data-name=\"your-message\"><input size=\"40\" maxlength=\"400\" class=\"wpcf7-form-control wpcf7-text wpcf7-validates-as-required\" aria-required=\"true\" aria-invalid=\"false\" placeholder=\"Mensaje\" value=\"\" type=\"text\" name=\"your-message\" \/><\/span>\n\t<\/p>\n<\/div>\n<div class=\"columns_wrap\">\n\t<div class=\"column-1\" style=\"float: none\">\n\t\t<p><input class=\"wpcf7-form-control wpcf7-submit has-spinner\" type=\"submit\" value=\"Enviar\" \/>\n\t\t<\/p>\n\t<\/div>\n<\/div><div class=\"wpcf7-response-output\" aria-hidden=\"true\"><\/div>\n<\/form>\n<\/div>\n[vc_empty_space alter_height=\"medium\" hide_on_desktop=\"\" hide_on_notebook=\"\" hide_on_tablet=\"\" hide_on_mobile=\"\"][\/vc_column][\/vc_row]<\/div>[\/vc_column][\/vc_row]<\/p>\n","protected":false},"excerpt":{"rendered":"<p>[vc_row full_width=&#8221;stretch_row_content_no_spaces&#8221;][vc_column][vc_column_text][rev_slider_vc alias=&#8221;slider-1&#8243;][\/vc_column_text][\/vc_column][\/vc_row][vc_row][vc_column][\/vc_column][\/vc_row][vc_row][vc_column][\/vc_column][\/vc_row][vc_row full_width=&#8221;stretch_row&#8221; hide_bg_image_on_tablet=&#8221;&#8221; hide_bg_image_on_mobile=&#8221;&#8221;][vc_column hide_bg_image_on_tablet=&#8221;&#8221; hide_bg_image_on_mobile=&#8221;&#8221; css=&#8221;.vc_custom_1514973727168{margin-top: -5.3rem !important;}&#8221;][\/vc_column][\/vc_row][vc_row][vc_column hide_bg_image_on_tablet=&#8221;&#8221; hide_bg_image_on_mobile=&#8221;&#8221;][\/vc_column][\/vc_row][vc_row][vc_column][\/vc_column][\/vc_row]<\/p>\n","protected":false},"author":1,"featured_media":0,"parent":0,"menu_order":0,"comment_status":"closed","ping_status":"closed","template":"","meta":{"_mc_calendar":[],"footnotes":""},"class_list":["post-2","page","type-page","status-publish","hentry"],"_links":{"self":[{"href":"https:\/\/www.crossports.com.ar\/duatlon2026\/wp-json\/wp\/v2\/pages\/2","targetHints":{"allow":["GET"]}}],"collection":[{"href":"https:\/\/www.crossports.com.ar\/duatlon2026\/wp-json\/wp\/v2\/pages"}],"about":[{"href":"https:\/\/www.crossports.com.ar\/duatlon2026\/wp-json\/wp\/v2\/types\/page"}],"author":[{"embeddable":true,"href":"https:\/\/www.crossports.com.ar\/duatlon2026\/wp-json\/wp\/v2\/users\/1"}],"replies":[{"embeddable":true,"href":"https:\/\/www.crossports.com.ar\/duatlon2026\/wp-json\/wp\/v2\/comments?post=2"}],"version-history":[{"count":73,"href":"https:\/\/www.crossports.com.ar\/duatlon2026\/wp-json\/wp\/v2\/pages\/2\/revisions"}],"predecessor-version":[{"id":2378,"href":"https:\/\/www.crossports.com.ar\/duatlon2026\/wp-json\/wp\/v2\/pages\/2\/revisions\/2378"}],"wp:attachment":[{"href":"https:\/\/www.crossports.com.ar\/duatlon2026\/wp-json\/wp\/v2\/media?parent=2"}],"curies":[{"name":"wp","href":"https:\/\/api.w.org\/{rel}","templated":true}]}}