{"id":67,"date":"2017-09-22T08:11:10","date_gmt":"2017-09-22T08:11:10","guid":{"rendered":"http:\/\/www.crossports.com.ar\/duatlon2023\/\/?page_id=67"},"modified":"2026-03-14T10:09:04","modified_gmt":"2026-03-14T13:09:04","slug":"categorias","status":"publish","type":"page","link":"https:\/\/www.crossports.com.ar\/duatlon2026\/categorias\/","title":{"rendered":"Categor\u00edas"},"content":{"rendered":"<p>[vc_row full_width=&#8221;stretch_row&#8221; equal_height=&#8221;yes&#8221; content_placement=&#8221;middle&#8221; hide_bg_image_on_tablet=&#8221;&#8221; hide_bg_image_on_mobile=&#8221;&#8221; css=&#8221;.vc_custom_1628025259116{padding-top: 50px !important;background-image: url(http:\/\/www.crossports.com.ar\/duatlon2023\/wp-content\/uploads\/2019\/04\/bg-inscripciones-2.jpg?id=1262) !important;background-position: top left !important;}&#8221; el_class=&#8221;categoria&#8221;][vc_column][vc_empty_space alter_height=&#8221;medium&#8221; hide_on_desktop=&#8221;1&#8243; hide_on_notebook=&#8221;1&#8243; hide_on_tablet=&#8221;1&#8243; hide_on_mobile=&#8221;&#8221;][vc_empty_space alter_height=&#8221;medium&#8221; hide_on_desktop=&#8221;1&#8243; hide_on_notebook=&#8221;1&#8243; hide_on_tablet=&#8221;1&#8243; hide_on_mobile=&#8221;&#8221;]<div id=\"sc_title_997906317\"\n\t\tclass=\"sc_title color_style_link3 sc_title_default\"><h1 class=\"sc_item_title sc_title_title sc_align_center sc_item_title_style_default sc_item_title_tag\">Categor\u00edas<\/h1><\/div><!-- \/.sc_title -->[vc_separator]<div id=\"sc_title_1909411410\"\n\t\tclass=\"sc_title color_style_default sc_title_default  vc_custom_1741569762114\"><h3 class=\"sc_item_title sc_title_title sc_align_center sc_item_title_style_default\">CUPOS<\/h3><div class=\"sc_item_descr sc_title_descr sc_align_center\"><p>6.30 320 individual + Postas 30 equipos.<br \/>\n3.20 250 individual<\/p>\n<\/div><\/div><!-- \/.sc_title -->[vc_separator][vc_empty_space alter_height=&#8221;medium&#8221; hide_on_desktop=&#8221;1&#8243; hide_on_notebook=&#8221;1&#8243; hide_on_tablet=&#8221;1&#8243; hide_on_mobile=&#8221;&#8221;]<div id=\"sc_title_2146948892\"\n\t\tclass=\"sc_title color_style_default sc_title_default  vc_custom_1710025648152\"><h3 class=\"sc_item_title sc_title_title sc_align_center sc_item_title_style_default\">Requisitos<\/h3><div class=\"sc_item_descr sc_title_descr sc_align_center\"><p>Edad m\u00ednima: 15 a\u00f1os. Los menores de 18 a\u00f1os deber\u00e1n presentar autorizaci\u00f3n paterna.<br \/>\nTodos los corredores deber\u00e1n presentar Apto F\u00edsico el d\u00eda de la carrera.<\/p>\n<\/div><\/div><!-- \/.sc_title -->[vc_separator][vc_empty_space alter_height=&#8221;medium&#8221; hide_on_desktop=&#8221;1&#8243; hide_on_notebook=&#8221;1&#8243; hide_on_tablet=&#8221;1&#8243; hide_on_mobile=&#8221;&#8221;]<div id=\"sc_title_390626778\"\n\t\tclass=\"sc_title color_style_default sc_title_default  vc_custom_1710025682400\"><h3 class=\"sc_item_title sc_title_title sc_align_center sc_item_title_style_default\">Premiaci\u00f3n<\/h3><div class=\"sc_item_descr sc_title_descr sc_align_center\"><p>MEDALLONES: del 1ro al 5to puesto en General, 6.30, y General 3.20.<br \/>\nMEDALLAS del 1ro al 3\u00aa para categor\u00edas del 6.30 y 3.20.<br \/>\nMEDALLAS de finisher, para todos los que finalicen la prueba.<\/p>\n<\/div><\/div><!-- \/.sc_title -->[vc_empty_space alter_height=&#8221;huge&#8221; hide_on_desktop=&#8221;&#8221; hide_on_notebook=&#8221;&#8221; hide_on_tablet=&#8221;&#8221; hide_on_mobile=&#8221;&#8221;][\/vc_column][\/vc_row][vc_row full_width=&#8221;stretch_row&#8221; hide_bg_image_on_tablet=&#8221;&#8221; hide_bg_image_on_mobile=&#8221;&#8221; css=&#8221;.vc_custom_1741042245388{background-color: #2d2d2d !important;background-size: cover !important;}&#8221;][vc_column width=&#8221;1\/2&#8243; hide_bg_image_on_tablet=&#8221;&#8221; hide_bg_image_on_mobile=&#8221;&#8221;][vc_empty_space alter_height=&#8221;medium&#8221; hide_on_desktop=&#8221;&#8221; hide_on_notebook=&#8221;&#8221; hide_on_tablet=&#8221;&#8221; hide_on_mobile=&#8221;&#8221;]<div id=\"sc_title_824736198\"\n\t\tclass=\"sc_title color_style_default scheme_dark sc_title_default\"><h6 class=\"sc_item_subtitle sc_title_subtitle sc_align_left sc_item_title_style_default\">Distancia<\/h6><h3 class=\"sc_item_title sc_title_title sc_align_left sc_item_title_style_default\">3.20.3<\/h3><\/div><!-- \/.sc_title -->[vc_empty_space alter_height=&#8221;medium&#8221; hide_on_desktop=&#8221;&#8221; hide_on_notebook=&#8221;&#8221; hide_on_tablet=&#8221;&#8221; hide_on_mobile=&#8221;&#8221;][vc_tta_accordion style=&#8221;flat&#8221; shape=&#8221;square&#8221; color=&#8221;sky&#8221; c_icon=&#8221;chevron&#8221; c_position=&#8221;right&#8221; active_section=&#8221;0&#8243; collapsible_all=&#8221;true&#8221;][vc_tta_section title=&#8221;General Ruta&#8221; tab_id=&#8221;1552392152999-b529fc1a-1414&#8243;][vc_column_text]<span style=\"color: #ffffff;\">Masculino y Femenino<\/span>[\/vc_column_text][\/vc_tta_section][vc_tta_section title=&#8221;Categor\u00edas ruta&#8221; tab_id=&#8221;1552392153045-004cb95e-4814&#8243;][vc_column_text]<span style=\"color: #ffffff;\"><strong>MASCULINO:<\/strong><\/span><\/p>\n<p><span style=\"color: #ffffff;\">J- Categor\u00eda 15 a\u00f1os a 18 a\u00f1os<\/span><\/p>\n<p><span style=\"color: #ffffff;\">A- Categor\u00eda\u00a0 19 a\u00f1os a 23 a\u00f1os<\/span><\/p>\n<p><span style=\"color: #ffffff;\">B- Categoria\u00a0 24 a\u00f1os a 30 a\u00f1os<\/span><\/p>\n<p><span style=\"color: #ffffff;\">C- Categoria\u00a0 31 a\u00f1os a 40 a\u00f1os<\/span><\/p>\n<p><span style=\"color: #ffffff;\">D- Categoria\u00a0 41 a\u00f1os a 50 a\u00f1os<\/span><\/p>\n<p><span style=\"color: #ffffff;\">E- Categor\u00eda 51 a\u00f1os a 60 a\u00f1os<\/span><\/p>\n<p><span style=\"color: #ffffff;\">F- Categor\u00eda 61 a\u00f1os y m\u00e1s<\/span><\/p>\n<p><span style=\"color: #ffffff;\"><strong>FEMENINO:<\/strong><\/span><\/p>\n<p><span style=\"color: #ffffff;\">J- Categor\u00eda 15 a\u00f1os a 18 a\u00f1os<\/span><\/p>\n<p><span style=\"color: #ffffff;\">A- Categor\u00eda 19 a\u00f1os a 23 a\u00f1os<\/span><\/p>\n<p><span style=\"color: #ffffff;\">B- Categoria\u00a0 24 a\u00f1os a 30 a\u00f1os<\/span><\/p>\n<p><span style=\"color: #ffffff;\">C- Categoria\u00a0 31 a\u00f1os a 40 a\u00f1os<\/span><\/p>\n<p><span style=\"color: #ffffff;\">D- Categoria\u00a0 41 a\u00f1os a 50 a\u00f1os<\/span><\/p>\n<p><span style=\"color: #ffffff;\">E- Categor\u00eda 51 a\u00f1os a 60 a\u00f1os<\/span><\/p>\n<p><span style=\"color: #ffffff;\">F- Categor\u00eda 61 a\u00f1os y m\u00e1s<\/span>[\/vc_column_text][\/vc_tta_section][vc_tta_section title=&#8221;General MTB&#8221; tab_id=&#8221;1552392460168-8d9d8af2-3bfd&#8221;][vc_column_text]<span style=\"color: #ffffff;\">Masculino y Femenino<\/span>[\/vc_column_text][\/vc_tta_section][vc_tta_section title=&#8221;CATEGOR\u00cdAS MTB&#8221; tab_id=&#8221;1552392490809-ef7f19da-4a73&#8243;][vc_column_text]<span style=\"color: #ffffff;\"><strong>MASCULINO:<\/strong><\/span><\/p>\n<p><span style=\"color: #ffffff;\">J- Categor\u00eda 15 a\u00f1os a 18 a\u00f1os<\/span><\/p>\n<p><span style=\"color: #ffffff;\">A- Categor\u00eda\u00a0 19 a\u00f1os a 23 a\u00f1os<\/span><\/p>\n<p><span style=\"color: #ffffff;\">B- Categor\u00eda\u00a0 24 a\u00f1os a 30 a\u00f1os<\/span><\/p>\n<p><span style=\"color: #ffffff;\">C- Categor\u00eda\u00a0 31 a\u00f1os a 40 a\u00f1os<\/span><\/p>\n<p><span style=\"color: #ffffff;\">D- Categor\u00eda\u00a0 41 a\u00f1os a 50 a\u00f1os<\/span><\/p>\n<p><span style=\"color: #ffffff;\">E- Categor\u00eda 51 a\u00f1os a 60 a\u00f1os<\/span><\/p>\n<p><span style=\"color: #ffffff;\">F- Categor\u00eda 61 a\u00f1os y m\u00e1s<\/span><\/p>\n<p><span style=\"color: #ffffff;\"><strong>FEMENINO:<\/strong><\/span><\/p>\n<p><span style=\"color: #ffffff;\">J-\u00a0 Categor\u00eda 15 a\u00f1os a 18 a\u00f1os<\/span><\/p>\n<p><span style=\"color: #ffffff;\">A- Categor\u00eda\u00a0 19 a\u00f1os a 23 a\u00f1os<\/span><\/p>\n<p><span style=\"color: #ffffff;\">B- Categor\u00eda\u00a0 24 a\u00f1os a 30 a\u00f1os<\/span><\/p>\n<p><span style=\"color: #ffffff;\">C- Categor\u00eda\u00a0 31 a\u00f1os a 40 a\u00f1os<\/span><\/p>\n<p><span style=\"color: #ffffff;\">D- Categor\u00eda\u00a0 41 a\u00f1os a 50 a\u00f1os<\/span><\/p>\n<p><span style=\"color: #ffffff;\">E- Categor\u00eda 51 a\u00f1os a 60 a\u00f1os<\/span><\/p>\n<p><span style=\"color: #ffffff;\">F- Categor\u00eda 61 a\u00f1os y m\u00e1s<\/span>[\/vc_column_text][\/vc_tta_section][\/vc_tta_accordion][\/vc_column][vc_column width=&#8221;1\/2&#8243; hide_bg_image_on_tablet=&#8221;&#8221; hide_bg_image_on_mobile=&#8221;&#8221; el_class=&#8221;acordeon&#8221;][vc_empty_space alter_height=&#8221;medium&#8221; hide_on_desktop=&#8221;&#8221; hide_on_notebook=&#8221;&#8221; hide_on_tablet=&#8221;&#8221; hide_on_mobile=&#8221;&#8221;]<div id=\"sc_title_1698127596\"\n\t\tclass=\"sc_title color_style_default scheme_dark sc_title_default\"><h6 class=\"sc_item_subtitle sc_title_subtitle sc_align_left sc_item_title_style_default\">Distancia<\/h6><h3 class=\"sc_item_title sc_title_title sc_align_left sc_item_title_style_default\">6.30.3<\/h3><\/div><!-- \/.sc_title -->[vc_empty_space alter_height=&#8221;medium&#8221; hide_on_desktop=&#8221;&#8221; hide_on_notebook=&#8221;&#8221; hide_on_tablet=&#8221;&#8221; hide_on_mobile=&#8221;&#8221;][vc_tta_accordion style=&#8221;flat&#8221; shape=&#8221;square&#8221; color=&#8221;sky&#8221; c_icon=&#8221;chevron&#8221; c_position=&#8221;right&#8221; active_section=&#8221;0&#8243; collapsible_all=&#8221;true&#8221;][vc_tta_section title=&#8221;General Ruta&#8221; tab_id=&#8221;1688921777319-e9ec7877-ead3&#8243;][vc_column_text]<span style=\"color: #ffffff;\">Masculino y Femenino<\/span>[\/vc_column_text][\/vc_tta_section][vc_tta_section title=&#8221;Categor\u00edas ruta&#8221; tab_id=&#8221;1688921777346-4287417e-d528&#8243;][vc_column_text]<span style=\"color: #ffffff;\"><strong>MASCULINO:<\/strong><\/span><\/p>\n<p><span style=\"color: #ffffff;\">A- Categor\u00eda 18 a\u00f1os a 23 a\u00f1os<\/span><\/p>\n<p><span style=\"color: #ffffff;\">B- Categoria 24 a\u00f1os a 30 a\u00f1os<\/span><\/p>\n<p><span style=\"color: #ffffff;\">C- Categoria 31 a\u00f1os a 40 a\u00f1os<\/span><\/p>\n<p><span style=\"color: #ffffff;\">D- Categoria 41 a\u00f1os a 50 a\u00f1os<\/span><\/p>\n<p><span style=\"color: #ffffff;\">E- Categor\u00eda 51 a\u00f1os a 60 a\u00f1os<\/span><\/p>\n<p><span style=\"color: #ffffff;\">F- Categor\u00eda 61 a\u00f1os y m\u00e1s<\/span><\/p>\n<p><span style=\"color: #ffffff;\"><strong>FEMENINO:<\/strong><\/span><\/p>\n<p><span style=\"color: #ffffff;\">A- Categor\u00eda 18 a\u00f1os a 23 a\u00f1os<\/span><\/p>\n<p><span style=\"color: #ffffff;\">B- Categoria 24 a\u00f1os a 30 a\u00f1os<\/span><\/p>\n<p><span style=\"color: #ffffff;\">C- Categoria 31 a\u00f1os a 40 a\u00f1os<\/span><\/p>\n<p><span style=\"color: #ffffff;\">D- Categoria 41 a\u00f1os a 50 a\u00f1os<\/span><\/p>\n<p><span style=\"color: #ffffff;\">E- Categor\u00eda 51 a\u00f1os a 60 a\u00f1os<\/span><\/p>\n<p><span style=\"color: #ffffff;\">F- Categor\u00eda 61 a\u00f1os y m\u00e1s<\/span>[\/vc_column_text][\/vc_tta_section][vc_tta_section title=&#8221;General MTB&#8221; tab_id=&#8221;1688921777365-e2d43f74-3681&#8243;][vc_column_text]<span style=\"color: #ffffff;\">Masculino y Femenino<\/span>[\/vc_column_text][\/vc_tta_section][vc_tta_section title=&#8221;Categor\u00edas MTB&#8221; tab_id=&#8221;1688921777389-f6cf0310-4101&#8243;][vc_column_text]<span style=\"color: #ffffff;\"><strong>MASCULINO:<\/strong><\/span><\/p>\n<p><span style=\"color: #ffffff;\">A- Categor\u00eda\u00a0 18 a\u00f1os a 23 a\u00f1os<\/span><\/p>\n<p><span style=\"color: #ffffff;\">B-\u00a0 Categoria\u00a0 24 a\u00f1os a 30 a\u00f1os<\/span><\/p>\n<p><span style=\"color: #ffffff;\">C- Categoria\u00a0 31 a\u00f1os a 40 a\u00f1os<\/span><\/p>\n<p><span style=\"color: #ffffff;\">D- Categoria\u00a0 41 a\u00f1os a 50 a\u00f1os<\/span><\/p>\n<p><span style=\"color: #ffffff;\">E- Categor\u00eda 51 a\u00f1os a 60 a\u00f1os<\/span><\/p>\n<p><span style=\"color: #ffffff;\">F- Categor\u00eda 61 a\u00f1os y m\u00e1s<\/span><\/p>\n<p><span style=\"color: #ffffff;\"><strong>FEMENINO:<\/strong><\/span><\/p>\n<p><span style=\"color: #ffffff;\">A- Categor\u00eda\u00a0 18 a\u00f1os a 23 a\u00f1os<\/span><\/p>\n<p><span style=\"color: #ffffff;\">B- Categoria\u00a0 24 a\u00f1os a 30 a\u00f1os<\/span><\/p>\n<p><span style=\"color: #ffffff;\">C- Categoria\u00a0 31 a\u00f1os a 40 a\u00f1os<\/span><\/p>\n<p><span style=\"color: #ffffff;\">D- Categoria\u00a0 41 a\u00f1os a 50 a\u00f1os<\/span><\/p>\n<p><span style=\"color: #ffffff;\">E- Categor\u00eda 51 a\u00f1os a 60 a\u00f1os<\/span><\/p>\n<p><span style=\"color: #ffffff;\">F- Categor\u00eda 61 a\u00f1os y m\u00e1s<\/span>[\/vc_column_text][\/vc_tta_section][\/vc_tta_accordion][\/vc_column][\/vc_row][vc_row full_width=&#8221;stretch_row&#8221; hide_bg_image_on_tablet=&#8221;&#8221; hide_bg_image_on_mobile=&#8221;&#8221; css=&#8221;.vc_custom_1741042252126{background-color: #2d2d2d !important;background-size: cover !important;}&#8221;][vc_column hide_bg_image_on_tablet=&#8221;&#8221; hide_bg_image_on_mobile=&#8221;&#8221;][vc_empty_space alter_height=&#8221;medium&#8221; hide_on_desktop=&#8221;&#8221; hide_on_notebook=&#8221;&#8221; hide_on_tablet=&#8221;&#8221; hide_on_mobile=&#8221;&#8221;]<div id=\"sc_title_1812520207\"\n\t\tclass=\"sc_title color_style_default scheme_dark sc_title_default\"><h3 class=\"sc_item_title sc_title_title sc_align_left sc_item_title_style_default\">POSTAS<\/h3><\/div><!-- \/.sc_title -->[vc_empty_space alter_height=&#8221;medium&#8221; hide_on_desktop=&#8221;&#8221; hide_on_notebook=&#8221;&#8221; hide_on_tablet=&#8221;&#8221; hide_on_mobile=&#8221;&#8221;][\/vc_column][\/vc_row][vc_row full_width=&#8221;stretch_row&#8221; hide_bg_image_on_tablet=&#8221;&#8221; hide_bg_image_on_mobile=&#8221;&#8221; css=&#8221;.vc_custom_1741042263597{background-color: #2d2d2d !important;background-size: cover !important;}&#8221;][vc_column width=&#8221;1\/2&#8243; hide_bg_image_on_tablet=&#8221;&#8221; hide_bg_image_on_mobile=&#8221;&#8221;][vc_tta_accordion style=&#8221;flat&#8221; shape=&#8221;square&#8221; color=&#8221;sky&#8221; c_icon=&#8221;chevron&#8221; c_position=&#8221;right&#8221; active_section=&#8221;0&#8243; collapsible_all=&#8221;true&#8221;][vc_tta_section title=&#8221;Ruta&#8221; tab_id=&#8221;1649964695558-1bc7f970-56a7&#8243;][vc_column_text]<span style=\"color: #ffffff;\">MASCULINO: Categor\u00eda: \u00danica<\/span><br \/>\n<span style=\"color: #ffffff;\">FEMENINO: Categor\u00eda: \u00danica<\/span><br \/>\n<span style=\"color: #ffffff;\">MIXTO: Categor\u00eda: \u00danica<\/span>[\/vc_column_text][\/vc_tta_section][\/vc_tta_accordion][\/vc_column][vc_column width=&#8221;1\/2&#8243;][vc_tta_accordion style=&#8221;flat&#8221; shape=&#8221;square&#8221; color=&#8221;sky&#8221; c_icon=&#8221;chevron&#8221; c_position=&#8221;right&#8221; active_section=&#8221;0&#8243; collapsible_all=&#8221;true&#8221;][vc_tta_section title=&#8221;MTB&#8221; tab_id=&#8221;1649964719450-46224df6-2037&#8243;][vc_column_text]<span style=\"color: #ffffff;\">MASCULINO: Categor\u00eda: \u00danica<\/span><br \/>\n<span style=\"color: #ffffff;\">FEMENINO: Categor\u00eda: \u00danica<\/span><br \/>\n<span style=\"color: #ffffff;\">MIXTO: Categor\u00eda: \u00danica<\/span>[\/vc_column_text][\/vc_tta_section][\/vc_tta_accordion][\/vc_column][\/vc_row][vc_row full_width=&#8221;stretch_row&#8221; hide_bg_image_on_tablet=&#8221;&#8221; hide_bg_image_on_mobile=&#8221;&#8221; css=&#8221;.vc_custom_1741042301042{padding-top: 20px !important;background-color: #2d2d2d !important;background-size: cover !important;}&#8221;][vc_column fix_column=&#8221;&#8221; hide_bg_image_on_tablet=&#8221;&#8221; hide_bg_image_on_mobile=&#8221;&#8221;][vc_column_text]<\/p>\n<p style=\"text-align: center;\"><span style=\"color: #ffffff;\">En todos los casos, la categor\u00eda de edad estar\u00e1 determinada por la edad del participante al 31 de diciembre del a\u00f1o en que se celebre la competici\u00f3n (Diciembre del 2026).<br \/>\nMenores de 18 a\u00f1os deben presentar autorizaci\u00f3n paterna.<\/span><\/p>\n<p>[\/vc_column_text][\/vc_column][\/vc_row][vc_row full_width=&#8221;stretch_row&#8221; hide_bg_image_on_tablet=&#8221;&#8221; hide_bg_image_on_mobile=&#8221;&#8221; css=&#8221;.vc_custom_1741042306397{background-color: #2d2d2d !important;background-size: cover !important;}&#8221;][vc_column hide_bg_image_on_tablet=&#8221;&#8221; hide_bg_image_on_mobile=&#8221;&#8221;][vc_empty_space alter_height=&#8221;medium&#8221; hide_on_desktop=&#8221;&#8221; hide_on_notebook=&#8221;&#8221; hide_on_tablet=&#8221;&#8221; hide_on_mobile=&#8221;&#8221;][\/vc_column][\/vc_row][vc_row][vc_column]<div class=\"sc_layouts sc_layouts_default sc_layouts_1659\">[vc_row full_width=\"stretch_row\" hide_bg_image_on_tablet=\"\" hide_bg_image_on_mobile=\"\" row_type=\"compact\" row_delimiter=\"\" hide_on_desktop=\"\" hide_on_notebook=\"\" hide_on_tablet=\"\" hide_on_mobile=\"\" hide_on_frontpage=\"\" css=\".vc_custom_1650312416067{background-color: #ffffff !important;}\"][vc_column icons_position=\"left\"][vc_row_inner equal_height=\"yes\" content_placement=\"middle\" hide_bg_image_on_tablet=\"\" hide_bg_image_on_mobile=\"\" row_type=\"compact\" row_delimiter=\"\"][vc_column_inner width=\"1\/6\" icons_position=\"left\"]<a href=\"https:\/\/www.crossports.com.ar\/duatlon2026\/\" id=\"sc_layouts_logo_2050116741\" class=\"sc_layouts_logo sc_layouts_logo_default\"><img loading=\"lazy\" decoding=\"async\" class=\"logo_image\" src=\"https:\/\/www.crossports.com.ar\/duatlon2026\/wp-content\/uploads\/2022\/04\/logs-dua-2026-04-1.jpg\" alt=\"\" width=\"1458\" height=\"888\"><\/a><!-- \/.sc_layouts_logo -->[\/vc_column_inner][vc_column_inner width=\"1\/6\" icons_position=\"left\"]<a href=\"https:\/\/www.crossports.com.ar\/duatlon2026\/\" id=\"sc_layouts_logo_2096421749\" class=\"sc_layouts_logo sc_layouts_logo_default\"><img loading=\"lazy\" decoding=\"async\" class=\"logo_image\" src=\"https:\/\/www.crossports.com.ar\/duatlon2026\/wp-content\/uploads\/2022\/04\/logs-dua-2026-06.jpg\" alt=\"\" width=\"1458\" height=\"888\"><\/a><!-- \/.sc_layouts_logo -->[\/vc_column_inner][vc_column_inner width=\"1\/6\" icons_position=\"left\"]<a href=\"https:\/\/www.crossports.com.ar\/duatlon2026\/\" id=\"sc_layouts_logo_204093045\" class=\"sc_layouts_logo sc_layouts_logo_default\"><img loading=\"lazy\" decoding=\"async\" class=\"logo_image\" src=\"https:\/\/www.crossports.com.ar\/duatlon2026\/wp-content\/uploads\/2017\/12\/centro-rossi.jpg\" alt=\"\" width=\"350\" height=\"213\"><\/a><!-- \/.sc_layouts_logo -->[\/vc_column_inner][vc_column_inner width=\"1\/6\" icons_position=\"left\"]<a href=\"https:\/\/www.crossports.com.ar\/duatlon2026\/\" id=\"sc_layouts_logo_1984424083\" class=\"sc_layouts_logo sc_layouts_logo_default\"><img loading=\"lazy\" decoding=\"async\" class=\"logo_image\" src=\"https:\/\/www.crossports.com.ar\/duatlon2026\/wp-content\/uploads\/2022\/04\/logs-dua-2026-01.jpg\" alt=\"\" width=\"1458\" height=\"888\"><\/a><!-- \/.sc_layouts_logo -->[\/vc_column_inner][vc_column_inner width=\"1\/6\" icons_position=\"left\"]<a href=\"https:\/\/www.crossports.com.ar\/duatlon2026\/\" id=\"sc_layouts_logo_290361437\" class=\"sc_layouts_logo sc_layouts_logo_default\"><img loading=\"lazy\" decoding=\"async\" class=\"logo_image\" src=\"https:\/\/www.crossports.com.ar\/duatlon2026\/wp-content\/uploads\/2022\/04\/ACF-2022.jpg\" alt=\"\" width=\"350\" height=\"213\"><\/a><!-- \/.sc_layouts_logo -->[\/vc_column_inner][vc_column_inner width=\"1\/6\" icons_position=\"left\"]<a href=\"https:\/\/www.crossports.com.ar\/duatlon2026\/\" id=\"sc_layouts_logo_1757632949\" class=\"sc_layouts_logo sc_layouts_logo_default\"><img loading=\"lazy\" decoding=\"async\" class=\"logo_image\" src=\"https:\/\/www.crossports.com.ar\/duatlon2026\/wp-content\/uploads\/2022\/04\/logs-dua-2026-07.jpg\" alt=\"\" width=\"1458\" height=\"888\"><\/a><!-- \/.sc_layouts_logo -->[\/vc_column_inner][\/vc_row_inner][vc_row_inner row_type=\"compact\" row_delimiter=\"\"][vc_column_inner width=\"1\/6\" icons_position=\"left\"]<a href=\"https:\/\/www.crossports.com.ar\/duatlon2026\/\" id=\"sc_layouts_logo_826587998\" class=\"sc_layouts_logo sc_layouts_logo_default\"><img loading=\"lazy\" decoding=\"async\" class=\"logo_image\" src=\"https:\/\/www.crossports.com.ar\/duatlon2026\/wp-content\/uploads\/2022\/04\/logs-dua-2026-08-1.png\" alt=\"\" width=\"1459\" height=\"888\"><\/a><!-- \/.sc_layouts_logo -->[\/vc_column_inner][vc_column_inner width=\"1\/6\" icons_position=\"left\"]<a href=\"https:\/\/www.crossports.com.ar\/duatlon2026\/\" id=\"sc_layouts_logo_370754216\" class=\"sc_layouts_logo sc_layouts_logo_default\"><img loading=\"lazy\" decoding=\"async\" class=\"logo_image\" src=\"https:\/\/www.crossports.com.ar\/duatlon2026\/wp-content\/uploads\/2022\/04\/logs-dua-2026-09.png\" alt=\"\" width=\"1459\" height=\"888\"><\/a><!-- \/.sc_layouts_logo -->[\/vc_column_inner][vc_column_inner width=\"1\/6\" icons_position=\"left\"]<a href=\"https:\/\/www.crossports.com.ar\/duatlon2026\/\" id=\"sc_layouts_logo_443868772\" class=\"sc_layouts_logo sc_layouts_logo_default\"><img loading=\"lazy\" decoding=\"async\" class=\"logo_image\" src=\"https:\/\/www.crossports.com.ar\/duatlon2026\/wp-content\/uploads\/2022\/04\/logo-roark.jpg\" alt=\"\" width=\"350\" height=\"213\"><\/a><!-- \/.sc_layouts_logo -->[\/vc_column_inner][vc_column_inner width=\"1\/6\" icons_position=\"left\"]<a href=\"https:\/\/www.crossports.com.ar\/duatlon2026\/\" id=\"sc_layouts_logo_1478750474\" class=\"sc_layouts_logo sc_layouts_logo_default\"><img loading=\"lazy\" decoding=\"async\" class=\"logo_image\" src=\"https:\/\/www.crossports.com.ar\/duatlon2026\/wp-content\/uploads\/2022\/04\/LOGO-AMARU-BIKE-1-1.jpg\" alt=\"\" width=\"350\" height=\"213\"><\/a><!-- \/.sc_layouts_logo -->[\/vc_column_inner][vc_column_inner width=\"1\/6\" icons_position=\"left\"]<a href=\"https:\/\/www.crossports.com.ar\/duatlon2026\/\" id=\"sc_layouts_logo_479646686\" class=\"sc_layouts_logo sc_layouts_logo_default\"><img loading=\"lazy\" decoding=\"async\" class=\"logo_image\" src=\"https:\/\/www.crossports.com.ar\/duatlon2026\/wp-content\/uploads\/2022\/04\/logs-dua-2026-colosia.jpg\" alt=\"\" width=\"1458\" height=\"888\"><\/a><!-- \/.sc_layouts_logo -->[\/vc_column_inner][vc_column_inner width=\"1\/6\" icons_position=\"left\"]<a href=\"https:\/\/www.crossports.com.ar\/duatlon2026\/\" id=\"sc_layouts_logo_579776593\" class=\"sc_layouts_logo sc_layouts_logo_default\"><img loading=\"lazy\" decoding=\"async\" class=\"logo_image\" src=\"https:\/\/www.crossports.com.ar\/duatlon2026\/wp-content\/uploads\/2022\/04\/logs-dua-2026-casa-audio.jpg\" alt=\"\" width=\"1458\" height=\"888\"><\/a><!-- \/.sc_layouts_logo -->[\/vc_column_inner][\/vc_row_inner][\/vc_column][\/vc_row]<\/div>[\/vc_column][\/vc_row]<\/p>\n","protected":false},"excerpt":{"rendered":"<p>[vc_row full_width=&#8221;stretch_row&#8221; equal_height=&#8221;yes&#8221; content_placement=&#8221;middle&#8221; hide_bg_image_on_tablet=&#8221;&#8221; hide_bg_image_on_mobile=&#8221;&#8221; css=&#8221;.vc_custom_1628025259116{padding-top: 50px !important;background-image: url(http:\/\/www.crossports.com.ar\/duatlon2023\/wp-content\/uploads\/2019\/04\/bg-inscripciones-2.jpg?id=1262) !important;background-position: top left !important;}&#8221; el_class=&#8221;categoria&#8221;][vc_column][vc_empty_space alter_height=&#8221;medium&#8221; hide_on_desktop=&#8221;1&#8243; hide_on_notebook=&#8221;1&#8243; hide_on_tablet=&#8221;1&#8243; hide_on_mobile=&#8221;&#8221;][vc_empty_space alter_height=&#8221;medium&#8221; hide_on_desktop=&#8221;1&#8243; hide_on_notebook=&#8221;1&#8243; hide_on_tablet=&#8221;1&#8243; hide_on_mobile=&#8221;&#8221;][vc_separator][vc_separator][vc_empty_space alter_height=&#8221;medium&#8221; hide_on_desktop=&#8221;1&#8243; hide_on_notebook=&#8221;1&#8243; hide_on_tablet=&#8221;1&#8243; hide_on_mobile=&#8221;&#8221;][vc_separator][vc_empty_space alter_height=&#8221;medium&#8221; hide_on_desktop=&#8221;1&#8243; hide_on_notebook=&#8221;1&#8243; hide_on_tablet=&#8221;1&#8243; hide_on_mobile=&#8221;&#8221;][vc_empty_space alter_height=&#8221;huge&#8221; hide_on_desktop=&#8221;&#8221; hide_on_notebook=&#8221;&#8221; hide_on_tablet=&#8221;&#8221; hide_on_mobile=&#8221;&#8221;][\/vc_column][\/vc_row][vc_row full_width=&#8221;stretch_row&#8221; hide_bg_image_on_tablet=&#8221;&#8221; hide_bg_image_on_mobile=&#8221;&#8221; css=&#8221;.vc_custom_1741042245388{background-color: #2d2d2d !important;background-size: cover !important;}&#8221;][vc_column width=&#8221;1\/2&#8243; hide_bg_image_on_tablet=&#8221;&#8221; hide_bg_image_on_mobile=&#8221;&#8221;][vc_empty_space alter_height=&#8221;medium&#8221; hide_on_desktop=&#8221;&#8221; hide_on_notebook=&#8221;&#8221; hide_on_tablet=&#8221;&#8221; hide_on_mobile=&#8221;&#8221;][vc_empty_space alter_height=&#8221;medium&#8221; hide_on_desktop=&#8221;&#8221; hide_on_notebook=&#8221;&#8221; hide_on_tablet=&#8221;&#8221;&hellip;<\/p>\n","protected":false},"author":1,"featured_media":0,"parent":0,"menu_order":0,"comment_status":"closed","ping_status":"closed","template":"","meta":{"_mc_calendar":[],"footnotes":""},"class_list":["post-67","page","type-page","status-publish","hentry"],"_links":{"self":[{"href":"https:\/\/www.crossports.com.ar\/duatlon2026\/wp-json\/wp\/v2\/pages\/67","targetHints":{"allow":["GET"]}}],"collection":[{"href":"https:\/\/www.crossports.com.ar\/duatlon2026\/wp-json\/wp\/v2\/pages"}],"about":[{"href":"https:\/\/www.crossports.com.ar\/duatlon2026\/wp-json\/wp\/v2\/types\/page"}],"author":[{"embeddable":true,"href":"https:\/\/www.crossports.com.ar\/duatlon2026\/wp-json\/wp\/v2\/users\/1"}],"replies":[{"embeddable":true,"href":"https:\/\/www.crossports.com.ar\/duatlon2026\/wp-json\/wp\/v2\/comments?post=67"}],"version-history":[{"count":131,"href":"https:\/\/www.crossports.com.ar\/duatlon2026\/wp-json\/wp\/v2\/pages\/67\/revisions"}],"predecessor-version":[{"id":2368,"href":"https:\/\/www.crossports.com.ar\/duatlon2026\/wp-json\/wp\/v2\/pages\/67\/revisions\/2368"}],"wp:attachment":[{"href":"https:\/\/www.crossports.com.ar\/duatlon2026\/wp-json\/wp\/v2\/media?parent=67"}],"curies":[{"name":"wp","href":"https:\/\/api.w.org\/{rel}","templated":true}]}}